{"id":636,"date":"2019-07-08T13:27:17","date_gmt":"2019-07-08T13:27:17","guid":{"rendered":"https:\/\/pre.lechateaudelatour.fr\/offres-speciales\/"},"modified":"2026-03-25T13:43:47","modified_gmt":"2026-03-25T13:43:47","slug":"special-offers","status":"publish","type":"page","link":"https:\/\/www.lechateaudelatour.fr\/en\/special-offers\/","title":{"rendered":"Offers"},"content":{"rendered":"","protected":false},"excerpt":{"rendered":"","protected":false},"author":2,"featured_media":0,"parent":0,"menu_order":39,"comment_status":"closed","ping_status":"closed","template":"","meta":{"_acf_changed":false,"footnotes":""},"class_list":["post-636","page","type-page","status-publish","hentry"],"acf":[],"yoast_head":"<!-- This site is optimized with the Yoast SEO plugin v26.9 - https:\/\/yoast.com\/product\/yoast-seo-wordpress\/ -->\n<title>~ Offers &#8211; Le Ch\u00e2teau de la Tour<\/title>\n<meta name=\"description\" content=\"SITE OFFICIEL \u2705 Contactez le ch\u00e2teau de la Tour pr\u00e8s de Chantilly pour votre s\u00e9minaire en r\u00e9gion parisienne. Salles de travail, r\u00e9ception, restaurant et parc arbor\u00e9 \u00e0 1h de Paris.\" \/>\n<meta name=\"robots\" content=\"index, follow, max-snippet:-1, max-image-preview:large, max-video-preview:-1\" \/>\n<link rel=\"canonical\" href=\"https:\/\/www.lechateaudelatour.fr\/en\/special-offers\/\" \/>\n<meta property=\"og:locale\" content=\"en_US\" \/>\n<meta property=\"og:type\" content=\"article\" \/>\n<meta property=\"og:title\" content=\"~ Offers &#8211; Le Ch\u00e2teau de la Tour\" \/>\n<meta property=\"og:description\" content=\"SITE OFFICIEL \u2705 Contactez le ch\u00e2teau de la Tour pr\u00e8s de Chantilly pour votre s\u00e9minaire en r\u00e9gion parisienne. Salles de travail, r\u00e9ception, restaurant et parc arbor\u00e9 \u00e0 1h de Paris.\" \/>\n<meta property=\"og:url\" content=\"https:\/\/www.lechateaudelatour.fr\/en\/special-offers\/\" \/>\n<meta property=\"og:site_name\" content=\"Le Ch\u00e2teau de la Tour\" \/>\n<meta property=\"article:modified_time\" content=\"2026-03-25T13:43:47+00:00\" \/>\n<meta name=\"twitter:card\" content=\"summary_large_image\" \/>\n<script type=\"application\/ld+json\" class=\"yoast-schema-graph\">{\"@context\":\"https:\/\/schema.org\",\"@graph\":[{\"@type\":\"WebPage\",\"@id\":\"https:\/\/www.lechateaudelatour.fr\/en\/special-offers\/\",\"url\":\"https:\/\/www.lechateaudelatour.fr\/en\/special-offers\/\",\"name\":\"~ Offers &#8211; Le Ch\u00e2teau de la Tour\",\"isPartOf\":{\"@id\":\"https:\/\/www.lechateaudelatour.fr\/en\/#website\"},\"datePublished\":\"2019-07-08T13:27:17+00:00\",\"dateModified\":\"2026-03-25T13:43:47+00:00\",\"description\":\"SITE OFFICIEL \u2705 Contactez le ch\u00e2teau de la Tour pr\u00e8s de Chantilly pour votre s\u00e9minaire en r\u00e9gion parisienne. Salles de travail, r\u00e9ception, restaurant et parc arbor\u00e9 \u00e0 1h de Paris.\",\"breadcrumb\":{\"@id\":\"https:\/\/www.lechateaudelatour.fr\/en\/special-offers\/#breadcrumb\"},\"inLanguage\":\"en-US\",\"potentialAction\":[{\"@type\":\"ReadAction\",\"target\":[\"https:\/\/www.lechateaudelatour.fr\/en\/special-offers\/\"]}]},{\"@type\":\"BreadcrumbList\",\"@id\":\"https:\/\/www.lechateaudelatour.fr\/en\/special-offers\/#breadcrumb\",\"itemListElement\":[{\"@type\":\"ListItem\",\"position\":1,\"name\":\"Accueil\",\"item\":\"https:\/\/www.lechateaudelatour.fr\/en\/\"},{\"@type\":\"ListItem\",\"position\":2,\"name\":\"Offers\"}]},{\"@type\":\"WebSite\",\"@id\":\"https:\/\/www.lechateaudelatour.fr\/en\/#website\",\"url\":\"https:\/\/www.lechateaudelatour.fr\/en\/\",\"name\":\"Le Ch\u00e2teau de la Tour\",\"description\":\"H\u00f4tel s\u00e9minaire et mariage \u00e0 Chantilly\",\"potentialAction\":[{\"@type\":\"SearchAction\",\"target\":{\"@type\":\"EntryPoint\",\"urlTemplate\":\"https:\/\/www.lechateaudelatour.fr\/en\/?s={search_term_string}\"},\"query-input\":{\"@type\":\"PropertyValueSpecification\",\"valueRequired\":true,\"valueName\":\"search_term_string\"}}],\"inLanguage\":\"en-US\"}]}<\/script>\n<!-- \/ Yoast SEO plugin. -->","yoast_head_json":{"title":"~ Offers &#8211; Le Ch\u00e2teau de la Tour","description":"SITE OFFICIEL \u2705 Contactez le ch\u00e2teau de la Tour pr\u00e8s de Chantilly pour votre s\u00e9minaire en r\u00e9gion parisienne. Salles de travail, r\u00e9ception, restaurant et parc arbor\u00e9 \u00e0 1h de Paris.","robots":{"index":"index","follow":"follow","max-snippet":"max-snippet:-1","max-image-preview":"max-image-preview:large","max-video-preview":"max-video-preview:-1"},"canonical":"https:\/\/www.lechateaudelatour.fr\/en\/special-offers\/","og_locale":"en_US","og_type":"article","og_title":"~ Offers &#8211; Le Ch\u00e2teau de la Tour","og_description":"SITE OFFICIEL \u2705 Contactez le ch\u00e2teau de la Tour pr\u00e8s de Chantilly pour votre s\u00e9minaire en r\u00e9gion parisienne. Salles de travail, r\u00e9ception, restaurant et parc arbor\u00e9 \u00e0 1h de Paris.","og_url":"https:\/\/www.lechateaudelatour.fr\/en\/special-offers\/","og_site_name":"Le Ch\u00e2teau de la Tour","article_modified_time":"2026-03-25T13:43:47+00:00","twitter_card":"summary_large_image","schema":{"@context":"https:\/\/schema.org","@graph":[{"@type":"WebPage","@id":"https:\/\/www.lechateaudelatour.fr\/en\/special-offers\/","url":"https:\/\/www.lechateaudelatour.fr\/en\/special-offers\/","name":"~ Offers &#8211; Le Ch\u00e2teau de la Tour","isPartOf":{"@id":"https:\/\/www.lechateaudelatour.fr\/en\/#website"},"datePublished":"2019-07-08T13:27:17+00:00","dateModified":"2026-03-25T13:43:47+00:00","description":"SITE OFFICIEL \u2705 Contactez le ch\u00e2teau de la Tour pr\u00e8s de Chantilly pour votre s\u00e9minaire en r\u00e9gion parisienne. Salles de travail, r\u00e9ception, restaurant et parc arbor\u00e9 \u00e0 1h de Paris.","breadcrumb":{"@id":"https:\/\/www.lechateaudelatour.fr\/en\/special-offers\/#breadcrumb"},"inLanguage":"en-US","potentialAction":[{"@type":"ReadAction","target":["https:\/\/www.lechateaudelatour.fr\/en\/special-offers\/"]}]},{"@type":"BreadcrumbList","@id":"https:\/\/www.lechateaudelatour.fr\/en\/special-offers\/#breadcrumb","itemListElement":[{"@type":"ListItem","position":1,"name":"Accueil","item":"https:\/\/www.lechateaudelatour.fr\/en\/"},{"@type":"ListItem","position":2,"name":"Offers"}]},{"@type":"WebSite","@id":"https:\/\/www.lechateaudelatour.fr\/en\/#website","url":"https:\/\/www.lechateaudelatour.fr\/en\/","name":"Le Ch\u00e2teau de la Tour","description":"H\u00f4tel s\u00e9minaire et mariage \u00e0 Chantilly","potentialAction":[{"@type":"SearchAction","target":{"@type":"EntryPoint","urlTemplate":"https:\/\/www.lechateaudelatour.fr\/en\/?s={search_term_string}"},"query-input":{"@type":"PropertyValueSpecification","valueRequired":true,"valueName":"search_term_string"}}],"inLanguage":"en-US"}]}},"_links":{"self":[{"href":"https:\/\/www.lechateaudelatour.fr\/en\/wp-json\/wp\/v2\/pages\/636","targetHints":{"allow":["GET"]}}],"collection":[{"href":"https:\/\/www.lechateaudelatour.fr\/en\/wp-json\/wp\/v2\/pages"}],"about":[{"href":"https:\/\/www.lechateaudelatour.fr\/en\/wp-json\/wp\/v2\/types\/page"}],"author":[{"embeddable":true,"href":"https:\/\/www.lechateaudelatour.fr\/en\/wp-json\/wp\/v2\/users\/2"}],"replies":[{"embeddable":true,"href":"https:\/\/www.lechateaudelatour.fr\/en\/wp-json\/wp\/v2\/comments?post=636"}],"version-history":[{"count":41,"href":"https:\/\/www.lechateaudelatour.fr\/en\/wp-json\/wp\/v2\/pages\/636\/revisions"}],"predecessor-version":[{"id":4272,"href":"https:\/\/www.lechateaudelatour.fr\/en\/wp-json\/wp\/v2\/pages\/636\/revisions\/4272"}],"wp:attachment":[{"href":"https:\/\/www.lechateaudelatour.fr\/en\/wp-json\/wp\/v2\/media?parent=636"}],"curies":[{"name":"wp","href":"https:\/\/api.w.org\/{rel}","templated":true}]}}