{"id":671,"date":"2019-07-24T12:48:10","date_gmt":"2019-07-24T12:48:10","guid":{"rendered":"https:\/\/pre.lechateaudelatour.fr\/?page_id=671"},"modified":"2025-06-23T12:50:38","modified_gmt":"2025-06-23T12:50:38","slug":"business-seminar-near-paris-chantilly","status":"publish","type":"page","link":"https:\/\/www.lechateaudelatour.fr\/en\/seminars\/business-seminar-near-paris-chantilly\/","title":{"rendered":"Presentation"},"content":{"rendered":"","protected":false},"excerpt":{"rendered":"","protected":false},"author":2,"featured_media":1388,"parent":669,"menu_order":1,"comment_status":"closed","ping_status":"closed","template":"","meta":{"_acf_changed":false,"footnotes":""},"class_list":["post-671","page","type-page","status-publish","has-post-thumbnail","hentry"],"acf":[],"yoast_head":"<!-- This site is optimized with the Yoast SEO plugin v26.9 - https:\/\/yoast.com\/product\/yoast-seo-wordpress\/ -->\n<title>~ Presentation &#8211; Le Ch\u00e2teau de la Tour<\/title>\n<meta name=\"description\" content=\"SITE OFFICIEL \u2705 Contactez le ch\u00e2teau de la Tour pr\u00e8s de Chantilly pour votre s\u00e9minaire en r\u00e9gion parisienne. Salles de travail, r\u00e9ception, restaurant et parc arbor\u00e9 \u00e0 1h de Paris.\" \/>\n<meta name=\"robots\" content=\"index, follow, max-snippet:-1, max-image-preview:large, max-video-preview:-1\" \/>\n<link rel=\"canonical\" href=\"https:\/\/www.lechateaudelatour.fr\/en\/seminars\/business-seminar-near-paris-chantilly\/\" \/>\n<meta property=\"og:locale\" content=\"en_US\" \/>\n<meta property=\"og:type\" content=\"article\" \/>\n<meta property=\"og:title\" content=\"~ Presentation &#8211; Le Ch\u00e2teau de la Tour\" \/>\n<meta property=\"og:description\" content=\"SITE OFFICIEL \u2705 Contactez le ch\u00e2teau de la Tour pr\u00e8s de Chantilly pour votre s\u00e9minaire en r\u00e9gion parisienne. Salles de travail, r\u00e9ception, restaurant et parc arbor\u00e9 \u00e0 1h de Paris.\" \/>\n<meta property=\"og:url\" content=\"https:\/\/www.lechateaudelatour.fr\/en\/seminars\/business-seminar-near-paris-chantilly\/\" \/>\n<meta property=\"og:site_name\" content=\"Le Ch\u00e2teau de la Tour\" \/>\n<meta property=\"article:modified_time\" content=\"2025-06-23T12:50:38+00:00\" \/>\n<meta property=\"og:image\" content=\"https:\/\/www.lechateaudelatour.fr\/wp-content\/uploads\/2021\/03\/film-3.png\" \/>\n\t<meta property=\"og:image:width\" content=\"543\" \/>\n\t<meta property=\"og:image:height\" content=\"548\" \/>\n\t<meta property=\"og:image:type\" content=\"image\/png\" \/>\n<meta name=\"twitter:card\" content=\"summary_large_image\" \/>\n<meta name=\"twitter:label1\" content=\"Est. reading time\" \/>\n\t<meta name=\"twitter:data1\" content=\"1 minute\" \/>\n<script type=\"application\/ld+json\" class=\"yoast-schema-graph\">{\"@context\":\"https:\/\/schema.org\",\"@graph\":[{\"@type\":\"WebPage\",\"@id\":\"https:\/\/www.lechateaudelatour.fr\/en\/seminars\/business-seminar-near-paris-chantilly\/\",\"url\":\"https:\/\/www.lechateaudelatour.fr\/en\/seminars\/business-seminar-near-paris-chantilly\/\",\"name\":\"~ Presentation &#8211; Le Ch\u00e2teau de la Tour\",\"isPartOf\":{\"@id\":\"https:\/\/www.lechateaudelatour.fr\/en\/#website\"},\"primaryImageOfPage\":{\"@id\":\"https:\/\/www.lechateaudelatour.fr\/en\/seminars\/business-seminar-near-paris-chantilly\/#primaryimage\"},\"image\":{\"@id\":\"https:\/\/www.lechateaudelatour.fr\/en\/seminars\/business-seminar-near-paris-chantilly\/#primaryimage\"},\"thumbnailUrl\":\"https:\/\/www.lechateaudelatour.fr\/wp-content\/uploads\/2021\/03\/film-3.png\",\"datePublished\":\"2019-07-24T12:48:10+00:00\",\"dateModified\":\"2025-06-23T12:50:38+00:00\",\"description\":\"SITE OFFICIEL \u2705 Contactez le ch\u00e2teau de la Tour pr\u00e8s de Chantilly pour votre s\u00e9minaire en r\u00e9gion parisienne. Salles de travail, r\u00e9ception, restaurant et parc arbor\u00e9 \u00e0 1h de Paris.\",\"breadcrumb\":{\"@id\":\"https:\/\/www.lechateaudelatour.fr\/en\/seminars\/business-seminar-near-paris-chantilly\/#breadcrumb\"},\"inLanguage\":\"en-US\",\"potentialAction\":[{\"@type\":\"ReadAction\",\"target\":[\"https:\/\/www.lechateaudelatour.fr\/en\/seminars\/business-seminar-near-paris-chantilly\/\"]}]},{\"@type\":\"ImageObject\",\"inLanguage\":\"en-US\",\"@id\":\"https:\/\/www.lechateaudelatour.fr\/en\/seminars\/business-seminar-near-paris-chantilly\/#primaryimage\",\"url\":\"https:\/\/www.lechateaudelatour.fr\/wp-content\/uploads\/2021\/03\/film-3.png\",\"contentUrl\":\"https:\/\/www.lechateaudelatour.fr\/wp-content\/uploads\/2021\/03\/film-3.png\",\"width\":543,\"height\":548},{\"@type\":\"BreadcrumbList\",\"@id\":\"https:\/\/www.lechateaudelatour.fr\/en\/seminars\/business-seminar-near-paris-chantilly\/#breadcrumb\",\"itemListElement\":[{\"@type\":\"ListItem\",\"position\":1,\"name\":\"Accueil\",\"item\":\"https:\/\/www.lechateaudelatour.fr\/en\/\"},{\"@type\":\"ListItem\",\"position\":2,\"name\":\"Seminars\",\"item\":\"https:\/\/www.lechateaudelatour.fr\/en\/seminaires\/\"},{\"@type\":\"ListItem\",\"position\":3,\"name\":\"Presentation\"}]},{\"@type\":\"WebSite\",\"@id\":\"https:\/\/www.lechateaudelatour.fr\/en\/#website\",\"url\":\"https:\/\/www.lechateaudelatour.fr\/en\/\",\"name\":\"Le Ch\u00e2teau de la Tour\",\"description\":\"H\u00f4tel s\u00e9minaire et mariage \u00e0 Chantilly\",\"potentialAction\":[{\"@type\":\"SearchAction\",\"target\":{\"@type\":\"EntryPoint\",\"urlTemplate\":\"https:\/\/www.lechateaudelatour.fr\/en\/?s={search_term_string}\"},\"query-input\":{\"@type\":\"PropertyValueSpecification\",\"valueRequired\":true,\"valueName\":\"search_term_string\"}}],\"inLanguage\":\"en-US\"}]}<\/script>\n<!-- \/ Yoast SEO plugin. -->","yoast_head_json":{"title":"~ Presentation &#8211; Le Ch\u00e2teau de la Tour","description":"SITE OFFICIEL \u2705 Contactez le ch\u00e2teau de la Tour pr\u00e8s de Chantilly pour votre s\u00e9minaire en r\u00e9gion parisienne. Salles de travail, r\u00e9ception, restaurant et parc arbor\u00e9 \u00e0 1h de Paris.","robots":{"index":"index","follow":"follow","max-snippet":"max-snippet:-1","max-image-preview":"max-image-preview:large","max-video-preview":"max-video-preview:-1"},"canonical":"https:\/\/www.lechateaudelatour.fr\/en\/seminars\/business-seminar-near-paris-chantilly\/","og_locale":"en_US","og_type":"article","og_title":"~ Presentation &#8211; Le Ch\u00e2teau de la Tour","og_description":"SITE OFFICIEL \u2705 Contactez le ch\u00e2teau de la Tour pr\u00e8s de Chantilly pour votre s\u00e9minaire en r\u00e9gion parisienne. Salles de travail, r\u00e9ception, restaurant et parc arbor\u00e9 \u00e0 1h de Paris.","og_url":"https:\/\/www.lechateaudelatour.fr\/en\/seminars\/business-seminar-near-paris-chantilly\/","og_site_name":"Le Ch\u00e2teau de la Tour","article_modified_time":"2025-06-23T12:50:38+00:00","og_image":[{"width":543,"height":548,"url":"https:\/\/www.lechateaudelatour.fr\/wp-content\/uploads\/2021\/03\/film-3.png","type":"image\/png"}],"twitter_card":"summary_large_image","twitter_misc":{"Est. reading time":"1 minute"},"schema":{"@context":"https:\/\/schema.org","@graph":[{"@type":"WebPage","@id":"https:\/\/www.lechateaudelatour.fr\/en\/seminars\/business-seminar-near-paris-chantilly\/","url":"https:\/\/www.lechateaudelatour.fr\/en\/seminars\/business-seminar-near-paris-chantilly\/","name":"~ Presentation &#8211; Le Ch\u00e2teau de la Tour","isPartOf":{"@id":"https:\/\/www.lechateaudelatour.fr\/en\/#website"},"primaryImageOfPage":{"@id":"https:\/\/www.lechateaudelatour.fr\/en\/seminars\/business-seminar-near-paris-chantilly\/#primaryimage"},"image":{"@id":"https:\/\/www.lechateaudelatour.fr\/en\/seminars\/business-seminar-near-paris-chantilly\/#primaryimage"},"thumbnailUrl":"https:\/\/www.lechateaudelatour.fr\/wp-content\/uploads\/2021\/03\/film-3.png","datePublished":"2019-07-24T12:48:10+00:00","dateModified":"2025-06-23T12:50:38+00:00","description":"SITE OFFICIEL \u2705 Contactez le ch\u00e2teau de la Tour pr\u00e8s de Chantilly pour votre s\u00e9minaire en r\u00e9gion parisienne. Salles de travail, r\u00e9ception, restaurant et parc arbor\u00e9 \u00e0 1h de Paris.","breadcrumb":{"@id":"https:\/\/www.lechateaudelatour.fr\/en\/seminars\/business-seminar-near-paris-chantilly\/#breadcrumb"},"inLanguage":"en-US","potentialAction":[{"@type":"ReadAction","target":["https:\/\/www.lechateaudelatour.fr\/en\/seminars\/business-seminar-near-paris-chantilly\/"]}]},{"@type":"ImageObject","inLanguage":"en-US","@id":"https:\/\/www.lechateaudelatour.fr\/en\/seminars\/business-seminar-near-paris-chantilly\/#primaryimage","url":"https:\/\/www.lechateaudelatour.fr\/wp-content\/uploads\/2021\/03\/film-3.png","contentUrl":"https:\/\/www.lechateaudelatour.fr\/wp-content\/uploads\/2021\/03\/film-3.png","width":543,"height":548},{"@type":"BreadcrumbList","@id":"https:\/\/www.lechateaudelatour.fr\/en\/seminars\/business-seminar-near-paris-chantilly\/#breadcrumb","itemListElement":[{"@type":"ListItem","position":1,"name":"Accueil","item":"https:\/\/www.lechateaudelatour.fr\/en\/"},{"@type":"ListItem","position":2,"name":"Seminars","item":"https:\/\/www.lechateaudelatour.fr\/en\/seminaires\/"},{"@type":"ListItem","position":3,"name":"Presentation"}]},{"@type":"WebSite","@id":"https:\/\/www.lechateaudelatour.fr\/en\/#website","url":"https:\/\/www.lechateaudelatour.fr\/en\/","name":"Le Ch\u00e2teau de la Tour","description":"H\u00f4tel s\u00e9minaire et mariage \u00e0 Chantilly","potentialAction":[{"@type":"SearchAction","target":{"@type":"EntryPoint","urlTemplate":"https:\/\/www.lechateaudelatour.fr\/en\/?s={search_term_string}"},"query-input":{"@type":"PropertyValueSpecification","valueRequired":true,"valueName":"search_term_string"}}],"inLanguage":"en-US"}]}},"_links":{"self":[{"href":"https:\/\/www.lechateaudelatour.fr\/en\/wp-json\/wp\/v2\/pages\/671","targetHints":{"allow":["GET"]}}],"collection":[{"href":"https:\/\/www.lechateaudelatour.fr\/en\/wp-json\/wp\/v2\/pages"}],"about":[{"href":"https:\/\/www.lechateaudelatour.fr\/en\/wp-json\/wp\/v2\/types\/page"}],"author":[{"embeddable":true,"href":"https:\/\/www.lechateaudelatour.fr\/en\/wp-json\/wp\/v2\/users\/2"}],"replies":[{"embeddable":true,"href":"https:\/\/www.lechateaudelatour.fr\/en\/wp-json\/wp\/v2\/comments?post=671"}],"version-history":[{"count":8,"href":"https:\/\/www.lechateaudelatour.fr\/en\/wp-json\/wp\/v2\/pages\/671\/revisions"}],"predecessor-version":[{"id":3757,"href":"https:\/\/www.lechateaudelatour.fr\/en\/wp-json\/wp\/v2\/pages\/671\/revisions\/3757"}],"up":[{"embeddable":true,"href":"https:\/\/www.lechateaudelatour.fr\/en\/wp-json\/wp\/v2\/pages\/669"}],"wp:featuredmedia":[{"embeddable":true,"href":"https:\/\/www.lechateaudelatour.fr\/en\/wp-json\/wp\/v2\/media\/1388"}],"wp:attachment":[{"href":"https:\/\/www.lechateaudelatour.fr\/en\/wp-json\/wp\/v2\/media?parent=671"}],"curies":[{"name":"wp","href":"https:\/\/api.w.org\/{rel}","templated":true}]}}