{"id":1580,"date":"2021-09-21T09:38:41","date_gmt":"2021-09-21T09:38:41","guid":{"rendered":"https:\/\/www.lechateaudelatour.fr\/?page_id=1580"},"modified":"2026-03-25T13:43:45","modified_gmt":"2026-03-25T13:43:45","slug":"faq","status":"publish","type":"page","link":"https:\/\/www.lechateaudelatour.fr\/fr\/faq\/","title":{"rendered":"FAQ"},"content":{"rendered":"","protected":false},"excerpt":{"rendered":"","protected":false},"author":2,"featured_media":0,"parent":0,"menu_order":3,"comment_status":"closed","ping_status":"closed","template":"","meta":{"_acf_changed":false,"footnotes":""},"class_list":["post-1580","page","type-page","status-publish","hentry"],"acf":[],"yoast_head":"<!-- This site is optimized with the Yoast SEO plugin v26.9 - https:\/\/yoast.com\/product\/yoast-seo-wordpress\/ -->\n<title>~ FAQ &#8211; Le Ch\u00e2teau de la Tour<\/title>\n<meta name=\"description\" content=\"SITE OFFICIEL \u2705 Contactez le ch\u00e2teau de la Tour pr\u00e8s de Chantilly pour votre s\u00e9minaire en r\u00e9gion parisienne. Salles de travail, r\u00e9ception, restaurant et parc arbor\u00e9 \u00e0 1h de Paris.\" \/>\n<meta name=\"robots\" content=\"index, follow, max-snippet:-1, max-image-preview:large, max-video-preview:-1\" \/>\n<link rel=\"canonical\" href=\"https:\/\/www.lechateaudelatour.fr\/fr\/faq\/\" \/>\n<meta property=\"og:locale\" content=\"fr_FR\" \/>\n<meta property=\"og:type\" content=\"article\" \/>\n<meta property=\"og:title\" content=\"~ FAQ &#8211; Le Ch\u00e2teau de la Tour\" \/>\n<meta property=\"og:description\" content=\"SITE OFFICIEL \u2705 Contactez le ch\u00e2teau de la Tour pr\u00e8s de Chantilly pour votre s\u00e9minaire en r\u00e9gion parisienne. Salles de travail, r\u00e9ception, restaurant et parc arbor\u00e9 \u00e0 1h de Paris.\" \/>\n<meta property=\"og:url\" content=\"https:\/\/www.lechateaudelatour.fr\/fr\/faq\/\" \/>\n<meta property=\"og:site_name\" content=\"Le Ch\u00e2teau de la Tour\" \/>\n<meta property=\"article:modified_time\" content=\"2026-03-25T13:43:45+00:00\" \/>\n<meta name=\"twitter:card\" content=\"summary_large_image\" \/>\n<script type=\"application\/ld+json\" class=\"yoast-schema-graph\">{\"@context\":\"https:\/\/schema.org\",\"@graph\":[{\"@type\":\"WebPage\",\"@id\":\"https:\/\/www.lechateaudelatour.fr\/fr\/faq\/\",\"url\":\"https:\/\/www.lechateaudelatour.fr\/fr\/faq\/\",\"name\":\"~ FAQ &#8211; Le Ch\u00e2teau de la Tour\",\"isPartOf\":{\"@id\":\"https:\/\/www.lechateaudelatour.fr\/fr\/#website\"},\"datePublished\":\"2021-09-21T09:38:41+00:00\",\"dateModified\":\"2026-03-25T13:43:45+00:00\",\"description\":\"SITE OFFICIEL \u2705 Contactez le ch\u00e2teau de la Tour pr\u00e8s de Chantilly pour votre s\u00e9minaire en r\u00e9gion parisienne. Salles de travail, r\u00e9ception, restaurant et parc arbor\u00e9 \u00e0 1h de Paris.\",\"breadcrumb\":{\"@id\":\"https:\/\/www.lechateaudelatour.fr\/fr\/faq\/#breadcrumb\"},\"inLanguage\":\"fr-FR\",\"potentialAction\":[{\"@type\":\"ReadAction\",\"target\":[\"https:\/\/www.lechateaudelatour.fr\/fr\/faq\/\"]}]},{\"@type\":\"BreadcrumbList\",\"@id\":\"https:\/\/www.lechateaudelatour.fr\/fr\/faq\/#breadcrumb\",\"itemListElement\":[{\"@type\":\"ListItem\",\"position\":1,\"name\":\"Accueil\",\"item\":\"https:\/\/www.lechateaudelatour.fr\/fr\/\"},{\"@type\":\"ListItem\",\"position\":2,\"name\":\"FAQ\"}]},{\"@type\":\"WebSite\",\"@id\":\"https:\/\/www.lechateaudelatour.fr\/fr\/#website\",\"url\":\"https:\/\/www.lechateaudelatour.fr\/fr\/\",\"name\":\"Le Ch\u00e2teau de la Tour\",\"description\":\"H\u00f4tel s\u00e9minaire et mariage \u00e0 Chantilly\",\"potentialAction\":[{\"@type\":\"SearchAction\",\"target\":{\"@type\":\"EntryPoint\",\"urlTemplate\":\"https:\/\/www.lechateaudelatour.fr\/fr\/?s={search_term_string}\"},\"query-input\":{\"@type\":\"PropertyValueSpecification\",\"valueRequired\":true,\"valueName\":\"search_term_string\"}}],\"inLanguage\":\"fr-FR\"}]}<\/script>\n<!-- \/ Yoast SEO plugin. -->","yoast_head_json":{"title":"~ FAQ &#8211; Le Ch\u00e2teau de la Tour","description":"SITE OFFICIEL \u2705 Contactez le ch\u00e2teau de la Tour pr\u00e8s de Chantilly pour votre s\u00e9minaire en r\u00e9gion parisienne. Salles de travail, r\u00e9ception, restaurant et parc arbor\u00e9 \u00e0 1h de Paris.","robots":{"index":"index","follow":"follow","max-snippet":"max-snippet:-1","max-image-preview":"max-image-preview:large","max-video-preview":"max-video-preview:-1"},"canonical":"https:\/\/www.lechateaudelatour.fr\/fr\/faq\/","og_locale":"fr_FR","og_type":"article","og_title":"~ FAQ &#8211; Le Ch\u00e2teau de la Tour","og_description":"SITE OFFICIEL \u2705 Contactez le ch\u00e2teau de la Tour pr\u00e8s de Chantilly pour votre s\u00e9minaire en r\u00e9gion parisienne. Salles de travail, r\u00e9ception, restaurant et parc arbor\u00e9 \u00e0 1h de Paris.","og_url":"https:\/\/www.lechateaudelatour.fr\/fr\/faq\/","og_site_name":"Le Ch\u00e2teau de la Tour","article_modified_time":"2026-03-25T13:43:45+00:00","twitter_card":"summary_large_image","schema":{"@context":"https:\/\/schema.org","@graph":[{"@type":"WebPage","@id":"https:\/\/www.lechateaudelatour.fr\/fr\/faq\/","url":"https:\/\/www.lechateaudelatour.fr\/fr\/faq\/","name":"~ FAQ &#8211; Le Ch\u00e2teau de la Tour","isPartOf":{"@id":"https:\/\/www.lechateaudelatour.fr\/fr\/#website"},"datePublished":"2021-09-21T09:38:41+00:00","dateModified":"2026-03-25T13:43:45+00:00","description":"SITE OFFICIEL \u2705 Contactez le ch\u00e2teau de la Tour pr\u00e8s de Chantilly pour votre s\u00e9minaire en r\u00e9gion parisienne. Salles de travail, r\u00e9ception, restaurant et parc arbor\u00e9 \u00e0 1h de Paris.","breadcrumb":{"@id":"https:\/\/www.lechateaudelatour.fr\/fr\/faq\/#breadcrumb"},"inLanguage":"fr-FR","potentialAction":[{"@type":"ReadAction","target":["https:\/\/www.lechateaudelatour.fr\/fr\/faq\/"]}]},{"@type":"BreadcrumbList","@id":"https:\/\/www.lechateaudelatour.fr\/fr\/faq\/#breadcrumb","itemListElement":[{"@type":"ListItem","position":1,"name":"Accueil","item":"https:\/\/www.lechateaudelatour.fr\/fr\/"},{"@type":"ListItem","position":2,"name":"FAQ"}]},{"@type":"WebSite","@id":"https:\/\/www.lechateaudelatour.fr\/fr\/#website","url":"https:\/\/www.lechateaudelatour.fr\/fr\/","name":"Le Ch\u00e2teau de la Tour","description":"H\u00f4tel s\u00e9minaire et mariage \u00e0 Chantilly","potentialAction":[{"@type":"SearchAction","target":{"@type":"EntryPoint","urlTemplate":"https:\/\/www.lechateaudelatour.fr\/fr\/?s={search_term_string}"},"query-input":{"@type":"PropertyValueSpecification","valueRequired":true,"valueName":"search_term_string"}}],"inLanguage":"fr-FR"}]}},"_links":{"self":[{"href":"https:\/\/www.lechateaudelatour.fr\/fr\/wp-json\/wp\/v2\/pages\/1580","targetHints":{"allow":["GET"]}}],"collection":[{"href":"https:\/\/www.lechateaudelatour.fr\/fr\/wp-json\/wp\/v2\/pages"}],"about":[{"href":"https:\/\/www.lechateaudelatour.fr\/fr\/wp-json\/wp\/v2\/types\/page"}],"author":[{"embeddable":true,"href":"https:\/\/www.lechateaudelatour.fr\/fr\/wp-json\/wp\/v2\/users\/2"}],"replies":[{"embeddable":true,"href":"https:\/\/www.lechateaudelatour.fr\/fr\/wp-json\/wp\/v2\/comments?post=1580"}],"version-history":[{"count":4,"href":"https:\/\/www.lechateaudelatour.fr\/fr\/wp-json\/wp\/v2\/pages\/1580\/revisions"}],"predecessor-version":[{"id":1584,"href":"https:\/\/www.lechateaudelatour.fr\/fr\/wp-json\/wp\/v2\/pages\/1580\/revisions\/1584"}],"wp:attachment":[{"href":"https:\/\/www.lechateaudelatour.fr\/fr\/wp-json\/wp\/v2\/media?parent=1580"}],"curies":[{"name":"wp","href":"https:\/\/api.w.org\/{rel}","templated":true}]}}