{"id":91,"date":"2019-07-08T12:22:28","date_gmt":"2019-07-08T12:22:28","guid":{"rendered":"https:\/\/pre.lechateaudelatour.fr\/?page_id=91"},"modified":"2025-06-23T13:00:13","modified_gmt":"2025-06-23T13:00:13","slug":"seminaire-chantilly-ile-de-france","status":"publish","type":"page","link":"https:\/\/www.lechateaudelatour.fr\/fr\/seminaires\/seminaire-chantilly-ile-de-france\/","title":{"rendered":"Pr\u00e9sentation"},"content":{"rendered":"","protected":false},"excerpt":{"rendered":"","protected":false},"author":2,"featured_media":1387,"parent":89,"menu_order":1,"comment_status":"closed","ping_status":"closed","template":"","meta":{"_acf_changed":false,"footnotes":""},"class_list":["post-91","page","type-page","status-publish","has-post-thumbnail","hentry"],"acf":[],"yoast_head":"<!-- This site is optimized with the Yoast SEO plugin v26.9 - https:\/\/yoast.com\/product\/yoast-seo-wordpress\/ -->\n<title>~ Pr\u00e9sentation &#8211; Le Ch\u00e2teau de la Tour<\/title>\n<meta name=\"description\" content=\"SITE OFFICIEL \u2705 Contactez le ch\u00e2teau de la Tour pr\u00e8s de Chantilly pour votre s\u00e9minaire en r\u00e9gion parisienne. Salles de travail, r\u00e9ception, restaurant et parc arbor\u00e9 \u00e0 1h de Paris.\" \/>\n<meta name=\"robots\" content=\"index, follow, max-snippet:-1, max-image-preview:large, max-video-preview:-1\" \/>\n<link rel=\"canonical\" href=\"https:\/\/www.lechateaudelatour.fr\/fr\/seminaires\/seminaire-chantilly-ile-de-france\/\" \/>\n<meta property=\"og:locale\" content=\"fr_FR\" \/>\n<meta property=\"og:type\" content=\"article\" \/>\n<meta property=\"og:title\" content=\"~ Pr\u00e9sentation &#8211; Le Ch\u00e2teau de la Tour\" \/>\n<meta property=\"og:description\" content=\"SITE OFFICIEL \u2705 Contactez le ch\u00e2teau de la Tour pr\u00e8s de Chantilly pour votre s\u00e9minaire en r\u00e9gion parisienne. Salles de travail, r\u00e9ception, restaurant et parc arbor\u00e9 \u00e0 1h de Paris.\" \/>\n<meta property=\"og:url\" content=\"https:\/\/www.lechateaudelatour.fr\/fr\/seminaires\/seminaire-chantilly-ile-de-france\/\" \/>\n<meta property=\"og:site_name\" content=\"Le Ch\u00e2teau de la Tour\" \/>\n<meta property=\"article:modified_time\" content=\"2025-06-23T13:00:13+00:00\" \/>\n<meta property=\"og:image\" content=\"https:\/\/www.lechateaudelatour.fr\/wp-content\/uploads\/2021\/03\/film-3-e1616419204503.png\" \/>\n\t<meta property=\"og:image:width\" content=\"543\" \/>\n\t<meta property=\"og:image:height\" content=\"548\" \/>\n\t<meta property=\"og:image:type\" content=\"image\/png\" \/>\n<meta name=\"twitter:card\" content=\"summary_large_image\" \/>\n<meta name=\"twitter:label1\" content=\"Dur\u00e9e de lecture estim\u00e9e\" \/>\n\t<meta name=\"twitter:data1\" content=\"1 minute\" \/>\n<script type=\"application\/ld+json\" class=\"yoast-schema-graph\">{\"@context\":\"https:\/\/schema.org\",\"@graph\":[{\"@type\":\"WebPage\",\"@id\":\"https:\/\/www.lechateaudelatour.fr\/fr\/seminaires\/seminaire-chantilly-ile-de-france\/\",\"url\":\"https:\/\/www.lechateaudelatour.fr\/fr\/seminaires\/seminaire-chantilly-ile-de-france\/\",\"name\":\"~ Pr\u00e9sentation &#8211; Le Ch\u00e2teau de la Tour\",\"isPartOf\":{\"@id\":\"https:\/\/www.lechateaudelatour.fr\/fr\/#website\"},\"primaryImageOfPage\":{\"@id\":\"https:\/\/www.lechateaudelatour.fr\/fr\/seminaires\/seminaire-chantilly-ile-de-france\/#primaryimage\"},\"image\":{\"@id\":\"https:\/\/www.lechateaudelatour.fr\/fr\/seminaires\/seminaire-chantilly-ile-de-france\/#primaryimage\"},\"thumbnailUrl\":\"https:\/\/www.lechateaudelatour.fr\/wp-content\/uploads\/2021\/03\/film-3-e1616419204503.png\",\"datePublished\":\"2019-07-08T12:22:28+00:00\",\"dateModified\":\"2025-06-23T13:00:13+00:00\",\"description\":\"SITE OFFICIEL \u2705 Contactez le ch\u00e2teau de la Tour pr\u00e8s de Chantilly pour votre s\u00e9minaire en r\u00e9gion parisienne. Salles de travail, r\u00e9ception, restaurant et parc arbor\u00e9 \u00e0 1h de Paris.\",\"breadcrumb\":{\"@id\":\"https:\/\/www.lechateaudelatour.fr\/fr\/seminaires\/seminaire-chantilly-ile-de-france\/#breadcrumb\"},\"inLanguage\":\"fr-FR\",\"potentialAction\":[{\"@type\":\"ReadAction\",\"target\":[\"https:\/\/www.lechateaudelatour.fr\/fr\/seminaires\/seminaire-chantilly-ile-de-france\/\"]}]},{\"@type\":\"ImageObject\",\"inLanguage\":\"fr-FR\",\"@id\":\"https:\/\/www.lechateaudelatour.fr\/fr\/seminaires\/seminaire-chantilly-ile-de-france\/#primaryimage\",\"url\":\"https:\/\/www.lechateaudelatour.fr\/wp-content\/uploads\/2021\/03\/film-3-e1616419204503.png\",\"contentUrl\":\"https:\/\/www.lechateaudelatour.fr\/wp-content\/uploads\/2021\/03\/film-3-e1616419204503.png\",\"width\":543,\"height\":548},{\"@type\":\"BreadcrumbList\",\"@id\":\"https:\/\/www.lechateaudelatour.fr\/fr\/seminaires\/seminaire-chantilly-ile-de-france\/#breadcrumb\",\"itemListElement\":[{\"@type\":\"ListItem\",\"position\":1,\"name\":\"Accueil\",\"item\":\"https:\/\/www.lechateaudelatour.fr\/fr\/\"},{\"@type\":\"ListItem\",\"position\":2,\"name\":\"S\u00e9minaires\",\"item\":\"https:\/\/www.lechateaudelatour.fr\/fr\/seminaires\/\"},{\"@type\":\"ListItem\",\"position\":3,\"name\":\"Pr\u00e9sentation\"}]},{\"@type\":\"WebSite\",\"@id\":\"https:\/\/www.lechateaudelatour.fr\/fr\/#website\",\"url\":\"https:\/\/www.lechateaudelatour.fr\/fr\/\",\"name\":\"Le Ch\u00e2teau de la Tour\",\"description\":\"H\u00f4tel s\u00e9minaire et mariage \u00e0 Chantilly\",\"potentialAction\":[{\"@type\":\"SearchAction\",\"target\":{\"@type\":\"EntryPoint\",\"urlTemplate\":\"https:\/\/www.lechateaudelatour.fr\/fr\/?s={search_term_string}\"},\"query-input\":{\"@type\":\"PropertyValueSpecification\",\"valueRequired\":true,\"valueName\":\"search_term_string\"}}],\"inLanguage\":\"fr-FR\"}]}<\/script>\n<!-- \/ Yoast SEO plugin. -->","yoast_head_json":{"title":"~ Pr\u00e9sentation &#8211; Le Ch\u00e2teau de la Tour","description":"SITE OFFICIEL \u2705 Contactez le ch\u00e2teau de la Tour pr\u00e8s de Chantilly pour votre s\u00e9minaire en r\u00e9gion parisienne. Salles de travail, r\u00e9ception, restaurant et parc arbor\u00e9 \u00e0 1h de Paris.","robots":{"index":"index","follow":"follow","max-snippet":"max-snippet:-1","max-image-preview":"max-image-preview:large","max-video-preview":"max-video-preview:-1"},"canonical":"https:\/\/www.lechateaudelatour.fr\/fr\/seminaires\/seminaire-chantilly-ile-de-france\/","og_locale":"fr_FR","og_type":"article","og_title":"~ Pr\u00e9sentation &#8211; Le Ch\u00e2teau de la Tour","og_description":"SITE OFFICIEL \u2705 Contactez le ch\u00e2teau de la Tour pr\u00e8s de Chantilly pour votre s\u00e9minaire en r\u00e9gion parisienne. Salles de travail, r\u00e9ception, restaurant et parc arbor\u00e9 \u00e0 1h de Paris.","og_url":"https:\/\/www.lechateaudelatour.fr\/fr\/seminaires\/seminaire-chantilly-ile-de-france\/","og_site_name":"Le Ch\u00e2teau de la Tour","article_modified_time":"2025-06-23T13:00:13+00:00","og_image":[{"width":543,"height":548,"url":"https:\/\/www.lechateaudelatour.fr\/wp-content\/uploads\/2021\/03\/film-3-e1616419204503.png","type":"image\/png"}],"twitter_card":"summary_large_image","twitter_misc":{"Dur\u00e9e de lecture estim\u00e9e":"1 minute"},"schema":{"@context":"https:\/\/schema.org","@graph":[{"@type":"WebPage","@id":"https:\/\/www.lechateaudelatour.fr\/fr\/seminaires\/seminaire-chantilly-ile-de-france\/","url":"https:\/\/www.lechateaudelatour.fr\/fr\/seminaires\/seminaire-chantilly-ile-de-france\/","name":"~ Pr\u00e9sentation &#8211; Le Ch\u00e2teau de la Tour","isPartOf":{"@id":"https:\/\/www.lechateaudelatour.fr\/fr\/#website"},"primaryImageOfPage":{"@id":"https:\/\/www.lechateaudelatour.fr\/fr\/seminaires\/seminaire-chantilly-ile-de-france\/#primaryimage"},"image":{"@id":"https:\/\/www.lechateaudelatour.fr\/fr\/seminaires\/seminaire-chantilly-ile-de-france\/#primaryimage"},"thumbnailUrl":"https:\/\/www.lechateaudelatour.fr\/wp-content\/uploads\/2021\/03\/film-3-e1616419204503.png","datePublished":"2019-07-08T12:22:28+00:00","dateModified":"2025-06-23T13:00:13+00:00","description":"SITE OFFICIEL \u2705 Contactez le ch\u00e2teau de la Tour pr\u00e8s de Chantilly pour votre s\u00e9minaire en r\u00e9gion parisienne. Salles de travail, r\u00e9ception, restaurant et parc arbor\u00e9 \u00e0 1h de Paris.","breadcrumb":{"@id":"https:\/\/www.lechateaudelatour.fr\/fr\/seminaires\/seminaire-chantilly-ile-de-france\/#breadcrumb"},"inLanguage":"fr-FR","potentialAction":[{"@type":"ReadAction","target":["https:\/\/www.lechateaudelatour.fr\/fr\/seminaires\/seminaire-chantilly-ile-de-france\/"]}]},{"@type":"ImageObject","inLanguage":"fr-FR","@id":"https:\/\/www.lechateaudelatour.fr\/fr\/seminaires\/seminaire-chantilly-ile-de-france\/#primaryimage","url":"https:\/\/www.lechateaudelatour.fr\/wp-content\/uploads\/2021\/03\/film-3-e1616419204503.png","contentUrl":"https:\/\/www.lechateaudelatour.fr\/wp-content\/uploads\/2021\/03\/film-3-e1616419204503.png","width":543,"height":548},{"@type":"BreadcrumbList","@id":"https:\/\/www.lechateaudelatour.fr\/fr\/seminaires\/seminaire-chantilly-ile-de-france\/#breadcrumb","itemListElement":[{"@type":"ListItem","position":1,"name":"Accueil","item":"https:\/\/www.lechateaudelatour.fr\/fr\/"},{"@type":"ListItem","position":2,"name":"S\u00e9minaires","item":"https:\/\/www.lechateaudelatour.fr\/fr\/seminaires\/"},{"@type":"ListItem","position":3,"name":"Pr\u00e9sentation"}]},{"@type":"WebSite","@id":"https:\/\/www.lechateaudelatour.fr\/fr\/#website","url":"https:\/\/www.lechateaudelatour.fr\/fr\/","name":"Le Ch\u00e2teau de la Tour","description":"H\u00f4tel s\u00e9minaire et mariage \u00e0 Chantilly","potentialAction":[{"@type":"SearchAction","target":{"@type":"EntryPoint","urlTemplate":"https:\/\/www.lechateaudelatour.fr\/fr\/?s={search_term_string}"},"query-input":{"@type":"PropertyValueSpecification","valueRequired":true,"valueName":"search_term_string"}}],"inLanguage":"fr-FR"}]}},"_links":{"self":[{"href":"https:\/\/www.lechateaudelatour.fr\/fr\/wp-json\/wp\/v2\/pages\/91","targetHints":{"allow":["GET"]}}],"collection":[{"href":"https:\/\/www.lechateaudelatour.fr\/fr\/wp-json\/wp\/v2\/pages"}],"about":[{"href":"https:\/\/www.lechateaudelatour.fr\/fr\/wp-json\/wp\/v2\/types\/page"}],"author":[{"embeddable":true,"href":"https:\/\/www.lechateaudelatour.fr\/fr\/wp-json\/wp\/v2\/users\/2"}],"replies":[{"embeddable":true,"href":"https:\/\/www.lechateaudelatour.fr\/fr\/wp-json\/wp\/v2\/comments?post=91"}],"version-history":[{"count":27,"href":"https:\/\/www.lechateaudelatour.fr\/fr\/wp-json\/wp\/v2\/pages\/91\/revisions"}],"predecessor-version":[{"id":3764,"href":"https:\/\/www.lechateaudelatour.fr\/fr\/wp-json\/wp\/v2\/pages\/91\/revisions\/3764"}],"up":[{"embeddable":true,"href":"https:\/\/www.lechateaudelatour.fr\/fr\/wp-json\/wp\/v2\/pages\/89"}],"wp:featuredmedia":[{"embeddable":true,"href":"https:\/\/www.lechateaudelatour.fr\/fr\/wp-json\/wp\/v2\/media\/1387"}],"wp:attachment":[{"href":"https:\/\/www.lechateaudelatour.fr\/fr\/wp-json\/wp\/v2\/media?parent=91"}],"curies":[{"name":"wp","href":"https:\/\/api.w.org\/{rel}","templated":true}]}}